{"id":10,"date":"2025-11-25T12:29:42","date_gmt":"2025-11-25T12:29:42","guid":{"rendered":"https:\/\/epitoiparosok.com\/epip\/?page_id=10"},"modified":"2025-11-25T12:29:43","modified_gmt":"2025-11-25T12:29:43","slug":"rolunk","status":"publish","type":"page","link":"https:\/\/epitoiparosok.com\/epip\/rolunk\/","title":{"rendered":"R\u00f3lunk"},"content":{"rendered":"\n<p><strong>\u00dcdv\u00f6z\u00f6lj\u00fck az \u00e9p\u00edt\u0151iparosok.com oldalunkon. <\/strong><\/p>\n\n\n\n<p><strong>C\u00e9lunk, hogy gyorsan \u00e9s megb\u00edzhat\u00f3an \u00f6sszehozzuk a megrendel\u0151ket a megfelel\u0151 \u00e9p\u00edt\u0151iparos v\u00e1llalkoz\u00f3kkal.<\/strong> Platformunk az\u00e9rt j\u00f6tt l\u00e9tre, hogy mindenki k\u00f6nnyed\u00e9n megtal\u00e1lhassa azt a szakembert, akire \u00e9ppen sz\u00fcks\u00e9ge van \u2013 legyen sz\u00f3 villanyszerel\u0151r\u0151l, v\u00edzvezet\u00e9k-szerel\u0151r\u0151l, k\u0151m\u0171vesr\u0151l, burkol\u00f3r\u00f3l, fest\u0151-m\u00e1zol\u00f3r\u00f3l, \u00e1csr\u00f3l, tet\u0151fed\u0151r\u0151l, gipszkarton szerel\u0151r\u0151l, h\u0151szigetel\u0151 szakemberr\u0151l vagy ak\u00e1r teljes gener\u00e1lkivitelez\u0151 csapatr\u00f3l.<\/p>\n\n\n\n<p>Oldalunkon kiz\u00e1r\u00f3lag ellen\u0151rz\u00f6tt, megb\u00edzhat\u00f3 \u00e9p\u00edt\u0151iparos v\u00e1llalkoz\u00f3k jelennek meg, akik \u00e9vek \u00f3ta bizony\u00edtj\u00e1k szak\u00e9rtelm\u00fcket. A c\u00e9lunk, hogy a lak\u00e1sfel\u00faj\u00edt\u00e1st, \u00e9p\u00edtkez\u00e9st vagy kisebb jav\u00edt\u00e1sokat tervez\u0151 megrendel\u0151k biztons\u00e1gban, \u00e1tl\u00e1that\u00f3 m\u00f3don v\u00e1laszthassanak a szakemberek k\u00f6z\u00fcl. <\/p>\n\n\n\n<p>Legyen sz\u00f3 f\u00fcrd\u0151szoba-fel\u00faj\u00edt\u00e1sr\u00f3l, burkol\u00e1sr\u00f3l, villanyszerel\u00e9si munk\u00e1kr\u00f3l, tet\u0151jav\u00edt\u00e1sr\u00f3l, ny\u00edl\u00e1sz\u00e1r\u00f3 cser\u00e9r\u0151l vagy ak\u00e1r teljes csal\u00e1di h\u00e1z \u00e9p\u00edt\u00e9s\u00e9r\u0151l, platformunk seg\u00edt megtal\u00e1lni a legjobb szakembert. <\/p>\n\n\n\n<p><strong>C\u00e9lunk egy olyan online k\u00f6z\u00f6ss\u00e9g l\u00e9trehoz\u00e1sa, ahol a megb\u00edzhat\u00f3 \u00e9p\u00edt\u0151iparosok \u00e9s a min\u0151s\u00e9get keres\u0151 \u00fcgyfelek k\u00f6nnyen egym\u00e1sra tal\u00e1lhatnak.<\/strong> Vel\u00fcnk egyszer\u0171bb, gyorsabb \u00e9s biztons\u00e1gosabb a megfelel\u0151 szakember kiv\u00e1laszt\u00e1sa. Induljon el b\u00e1tran, v\u00e1lasszon a tapasztalt burkol\u00f3k, k\u0151m\u0171vesek, villanyszerel\u0151k \u00e9s m\u00e1s szakemberek k\u00f6z\u00fcl, \u00e9s tegye g\u00f6rd\u00fcl\u00e9kenny\u00e9 fel\u00faj\u00edt\u00e1si vagy \u00e9p\u00edt\u00e9si projektj\u00e9t!<\/p>\n","protected":false},"excerpt":{"rendered":"<p>\u00dcdv\u00f6z\u00f6lj\u00fck az \u00e9p\u00edt\u0151iparosok.com oldalunkon. C\u00e9lunk, hogy gyorsan \u00e9s megb\u00edzhat\u00f3an \u00f6sszehozzuk a megrendel\u0151ket a megfelel\u0151 \u00e9p\u00edt\u0151iparos v\u00e1llalkoz\u00f3kkal. Platformunk az\u00e9rt j\u00f6tt l\u00e9tre, hogy mindenki k\u00f6nnyed\u00e9n megtal\u00e1lhassa azt a szakembert, akire \u00e9ppen sz\u00fcks\u00e9ge van \u2013 legyen sz\u00f3 villanyszerel\u0151r\u0151l, v\u00edzvezet\u00e9k-szerel\u0151r\u0151l, k\u0151m\u0171vesr\u0151l, burkol\u00f3r\u00f3l, fest\u0151-m\u00e1zol\u00f3r\u00f3l, \u00e1csr\u00f3l, tet\u0151fed\u0151r\u0151l, gipszkarton szerel\u0151r\u0151l, h\u0151szigetel\u0151 szakemberr\u0151l vagy ak\u00e1r teljes gener\u00e1lkivitelez\u0151 csapatr\u00f3l. Oldalunkon kiz\u00e1r\u00f3lag ellen\u0151rz\u00f6tt, megb\u00edzhat\u00f3 \u00e9p\u00edt\u0151iparos [&hellip;]<\/p>\n","protected":false},"author":1,"featured_media":0,"parent":0,"menu_order":0,"comment_status":"closed","ping_status":"closed","template":"","meta":{"pagelayer_contact_templates":[],"_pagelayer_content":"","_monsterinsights_skip_tracking":false,"_monsterinsights_sitenote_active":false,"_monsterinsights_sitenote_note":"","_monsterinsights_sitenote_category":0,"footnotes":""},"class_list":["post-10","page","type-page","status-publish","hentry"],"yoast_head":"<!-- This site is optimized with the Yoast SEO plugin v26.4 - https:\/\/yoast.com\/wordpress\/plugins\/seo\/ -->\n<title>R\u00f3lunk - \u00c9p\u00edt\u0151iparosok<\/title>\n<meta name=\"robots\" content=\"index, follow, max-snippet:-1, max-image-preview:large, max-video-preview:-1\" \/>\n<link rel=\"canonical\" href=\"https:\/\/epitoiparosok.com\/epip\/rolunk\/\" \/>\n<meta property=\"og:locale\" content=\"en_US\" \/>\n<meta property=\"og:type\" content=\"article\" \/>\n<meta property=\"og:title\" content=\"R\u00f3lunk - \u00c9p\u00edt\u0151iparosok\" \/>\n<meta property=\"og:description\" content=\"\u00dcdv\u00f6z\u00f6lj\u00fck az \u00e9p\u00edt\u0151iparosok.com oldalunkon. C\u00e9lunk, hogy gyorsan \u00e9s megb\u00edzhat\u00f3an \u00f6sszehozzuk a megrendel\u0151ket a megfelel\u0151 \u00e9p\u00edt\u0151iparos v\u00e1llalkoz\u00f3kkal. Platformunk az\u00e9rt j\u00f6tt l\u00e9tre, hogy mindenki k\u00f6nnyed\u00e9n megtal\u00e1lhassa azt a szakembert, akire \u00e9ppen sz\u00fcks\u00e9ge van \u2013 legyen sz\u00f3 villanyszerel\u0151r\u0151l, v\u00edzvezet\u00e9k-szerel\u0151r\u0151l, k\u0151m\u0171vesr\u0151l, burkol\u00f3r\u00f3l, fest\u0151-m\u00e1zol\u00f3r\u00f3l, \u00e1csr\u00f3l, tet\u0151fed\u0151r\u0151l, gipszkarton szerel\u0151r\u0151l, h\u0151szigetel\u0151 szakemberr\u0151l vagy ak\u00e1r teljes gener\u00e1lkivitelez\u0151 csapatr\u00f3l. Oldalunkon kiz\u00e1r\u00f3lag ellen\u0151rz\u00f6tt, megb\u00edzhat\u00f3 \u00e9p\u00edt\u0151iparos [&hellip;]\" \/>\n<meta property=\"og:url\" content=\"https:\/\/epitoiparosok.com\/epip\/rolunk\/\" \/>\n<meta property=\"og:site_name\" content=\"\u00c9p\u00edt\u0151iparosok\" \/>\n<meta property=\"article:modified_time\" content=\"2025-11-25T12:29:43+00:00\" \/>\n<meta name=\"twitter:card\" content=\"summary_large_image\" \/>\n<meta name=\"twitter:label1\" content=\"Est. reading time\" \/>\n\t<meta name=\"twitter:data1\" content=\"1 minute\" \/>\n<script type=\"application\/ld+json\" class=\"yoast-schema-graph\">{\"@context\":\"https:\/\/schema.org\",\"@graph\":[{\"@type\":\"WebPage\",\"@id\":\"https:\/\/epitoiparosok.com\/epip\/rolunk\/\",\"url\":\"https:\/\/epitoiparosok.com\/epip\/rolunk\/\",\"name\":\"R\u00f3lunk - \u00c9p\u00edt\u0151iparosok\",\"isPartOf\":{\"@id\":\"https:\/\/epitoiparosok.com\/epip\/#website\"},\"datePublished\":\"2025-11-25T12:29:42+00:00\",\"dateModified\":\"2025-11-25T12:29:43+00:00\",\"breadcrumb\":{\"@id\":\"https:\/\/epitoiparosok.com\/epip\/rolunk\/#breadcrumb\"},\"inLanguage\":\"en-US\",\"potentialAction\":[{\"@type\":\"ReadAction\",\"target\":[\"https:\/\/epitoiparosok.com\/epip\/rolunk\/\"]}]},{\"@type\":\"BreadcrumbList\",\"@id\":\"https:\/\/epitoiparosok.com\/epip\/rolunk\/#breadcrumb\",\"itemListElement\":[{\"@type\":\"ListItem\",\"position\":1,\"name\":\"Home\",\"item\":\"https:\/\/epitoiparosok.com\/epip\/\"},{\"@type\":\"ListItem\",\"position\":2,\"name\":\"R\u00f3lunk\"}]},{\"@type\":\"WebSite\",\"@id\":\"https:\/\/epitoiparosok.com\/epip\/#website\",\"url\":\"https:\/\/epitoiparosok.com\/epip\/\",\"name\":\"\u00c9p\u00edt\u0151iparosok\",\"description\":\"\",\"potentialAction\":[{\"@type\":\"SearchAction\",\"target\":{\"@type\":\"EntryPoint\",\"urlTemplate\":\"https:\/\/epitoiparosok.com\/epip\/?s={search_term_string}\"},\"query-input\":{\"@type\":\"PropertyValueSpecification\",\"valueRequired\":true,\"valueName\":\"search_term_string\"}}],\"inLanguage\":\"en-US\"}]}<\/script>\n<!-- \/ Yoast SEO plugin. -->","yoast_head_json":{"title":"R\u00f3lunk - \u00c9p\u00edt\u0151iparosok","robots":{"index":"index","follow":"follow","max-snippet":"max-snippet:-1","max-image-preview":"max-image-preview:large","max-video-preview":"max-video-preview:-1"},"canonical":"https:\/\/epitoiparosok.com\/epip\/rolunk\/","og_locale":"en_US","og_type":"article","og_title":"R\u00f3lunk - \u00c9p\u00edt\u0151iparosok","og_description":"\u00dcdv\u00f6z\u00f6lj\u00fck az \u00e9p\u00edt\u0151iparosok.com oldalunkon. C\u00e9lunk, hogy gyorsan \u00e9s megb\u00edzhat\u00f3an \u00f6sszehozzuk a megrendel\u0151ket a megfelel\u0151 \u00e9p\u00edt\u0151iparos v\u00e1llalkoz\u00f3kkal. Platformunk az\u00e9rt j\u00f6tt l\u00e9tre, hogy mindenki k\u00f6nnyed\u00e9n megtal\u00e1lhassa azt a szakembert, akire \u00e9ppen sz\u00fcks\u00e9ge van \u2013 legyen sz\u00f3 villanyszerel\u0151r\u0151l, v\u00edzvezet\u00e9k-szerel\u0151r\u0151l, k\u0151m\u0171vesr\u0151l, burkol\u00f3r\u00f3l, fest\u0151-m\u00e1zol\u00f3r\u00f3l, \u00e1csr\u00f3l, tet\u0151fed\u0151r\u0151l, gipszkarton szerel\u0151r\u0151l, h\u0151szigetel\u0151 szakemberr\u0151l vagy ak\u00e1r teljes gener\u00e1lkivitelez\u0151 csapatr\u00f3l. Oldalunkon kiz\u00e1r\u00f3lag ellen\u0151rz\u00f6tt, megb\u00edzhat\u00f3 \u00e9p\u00edt\u0151iparos [&hellip;]","og_url":"https:\/\/epitoiparosok.com\/epip\/rolunk\/","og_site_name":"\u00c9p\u00edt\u0151iparosok","article_modified_time":"2025-11-25T12:29:43+00:00","twitter_card":"summary_large_image","twitter_misc":{"Est. reading time":"1 minute"},"schema":{"@context":"https:\/\/schema.org","@graph":[{"@type":"WebPage","@id":"https:\/\/epitoiparosok.com\/epip\/rolunk\/","url":"https:\/\/epitoiparosok.com\/epip\/rolunk\/","name":"R\u00f3lunk - \u00c9p\u00edt\u0151iparosok","isPartOf":{"@id":"https:\/\/epitoiparosok.com\/epip\/#website"},"datePublished":"2025-11-25T12:29:42+00:00","dateModified":"2025-11-25T12:29:43+00:00","breadcrumb":{"@id":"https:\/\/epitoiparosok.com\/epip\/rolunk\/#breadcrumb"},"inLanguage":"en-US","potentialAction":[{"@type":"ReadAction","target":["https:\/\/epitoiparosok.com\/epip\/rolunk\/"]}]},{"@type":"BreadcrumbList","@id":"https:\/\/epitoiparosok.com\/epip\/rolunk\/#breadcrumb","itemListElement":[{"@type":"ListItem","position":1,"name":"Home","item":"https:\/\/epitoiparosok.com\/epip\/"},{"@type":"ListItem","position":2,"name":"R\u00f3lunk"}]},{"@type":"WebSite","@id":"https:\/\/epitoiparosok.com\/epip\/#website","url":"https:\/\/epitoiparosok.com\/epip\/","name":"\u00c9p\u00edt\u0151iparosok","description":"","potentialAction":[{"@type":"SearchAction","target":{"@type":"EntryPoint","urlTemplate":"https:\/\/epitoiparosok.com\/epip\/?s={search_term_string}"},"query-input":{"@type":"PropertyValueSpecification","valueRequired":true,"valueName":"search_term_string"}}],"inLanguage":"en-US"}]}},"_links":{"self":[{"href":"https:\/\/epitoiparosok.com\/epip\/wp-json\/wp\/v2\/pages\/10","targetHints":{"allow":["GET"]}}],"collection":[{"href":"https:\/\/epitoiparosok.com\/epip\/wp-json\/wp\/v2\/pages"}],"about":[{"href":"https:\/\/epitoiparosok.com\/epip\/wp-json\/wp\/v2\/types\/page"}],"author":[{"embeddable":true,"href":"https:\/\/epitoiparosok.com\/epip\/wp-json\/wp\/v2\/users\/1"}],"replies":[{"embeddable":true,"href":"https:\/\/epitoiparosok.com\/epip\/wp-json\/wp\/v2\/comments?post=10"}],"version-history":[{"count":1,"href":"https:\/\/epitoiparosok.com\/epip\/wp-json\/wp\/v2\/pages\/10\/revisions"}],"predecessor-version":[{"id":11,"href":"https:\/\/epitoiparosok.com\/epip\/wp-json\/wp\/v2\/pages\/10\/revisions\/11"}],"wp:attachment":[{"href":"https:\/\/epitoiparosok.com\/epip\/wp-json\/wp\/v2\/media?parent=10"}],"curies":[{"name":"wp","href":"https:\/\/api.w.org\/{rel}","templated":true}]}}