{"id":40,"date":"2025-11-26T09:40:22","date_gmt":"2025-11-26T09:40:22","guid":{"rendered":"https:\/\/epitoiparosok.com\/epip\/?page_id=40"},"modified":"2025-11-26T09:40:23","modified_gmt":"2025-11-26T09:40:23","slug":"szakmak","status":"publish","type":"page","link":"https:\/\/epitoiparosok.com\/epip\/szakmak\/","title":{"rendered":"Szakm\u00e1k"},"content":{"rendered":"<ul class=\"wp-block-categories-list wp-block-categories\">\t<li class=\"cat-item cat-item-40\"><a href=\"https:\/\/epitoiparosok.com\/epip\/category\/banner\/\">Banner<\/a>\n<\/li>\n\t<li class=\"cat-item cat-item-32\"><a href=\"https:\/\/epitoiparosok.com\/epip\/category\/bennmarado-koszoru-zsalu\/\">Bennmarad\u00f3 koszor\u00fa zsalu<\/a>\n<\/li>\n\t<li class=\"cat-item cat-item-34\"><a href=\"https:\/\/epitoiparosok.com\/epip\/category\/energiatakarekos-nyilaszarok\/\">Energiatakar\u00e9kos ny\u00edl\u00e1sz\u00e1r\u00f3k<\/a>\n<\/li>\n\t<li class=\"cat-item cat-item-25\"><a href=\"https:\/\/epitoiparosok.com\/epip\/category\/finn-zsirko-hotarolos-kandallo\/\">Finn zs\u00edrk\u0151 h\u0151t\u00e1rol\u00f3s kandall\u00f3<\/a>\n<\/li>\n\t<li class=\"cat-item cat-item-47\"><a href=\"https:\/\/epitoiparosok.com\/epip\/category\/gazkeszulek-szereles\/\">G\u00e1zk\u00e9sz\u00fcl\u00e9k szerel\u00e9s<\/a>\n<\/li>\n\t<li class=\"cat-item cat-item-42\"><a href=\"https:\/\/epitoiparosok.com\/epip\/category\/gazszereles\/\">G\u00e1zszerel\u00e9s<\/a>\n<\/li>\n\t<li class=\"cat-item cat-item-23\"><a href=\"https:\/\/epitoiparosok.com\/epip\/category\/huto-futo-klima\/\">H\u0171t\u0151-f\u0171t\u0151 kl\u00edma<\/a>\n<\/li>\n\t<li class=\"cat-item cat-item-29\"><a href=\"https:\/\/epitoiparosok.com\/epip\/category\/kemenybeleles\/\">K\u00e9m\u00e9nyb\u00e9lel\u00e9s<\/a>\n<\/li>\n\t<li class=\"cat-item cat-item-30\"><a href=\"https:\/\/epitoiparosok.com\/epip\/category\/kemenysepres\/\">K\u00e9m\u00e9nysepr\u00e9s<\/a>\n<\/li>\n\t<li class=\"cat-item cat-item-37\"><a href=\"https:\/\/epitoiparosok.com\/epip\/category\/kiemelt-1\/\">Kiemelt 1<\/a>\n<\/li>\n\t<li class=\"cat-item cat-item-38\"><a href=\"https:\/\/epitoiparosok.com\/epip\/category\/kiemelt-2\/\">Kiemelt 2<\/a>\n<\/li>\n\t<li class=\"cat-item cat-item-24\"><a href=\"https:\/\/epitoiparosok.com\/epip\/category\/klimaszereles\/\">Kl\u00edmaszerel\u00e9s<\/a>\n<\/li>\n\t<li class=\"cat-item cat-item-31\"><a href=\"https:\/\/epitoiparosok.com\/epip\/category\/kondenzacios-kazan\/\">Kondenz\u00e1ci\u00f3s kaz\u00e1n<\/a>\n<\/li>\n\t<li class=\"cat-item cat-item-27\"><a href=\"https:\/\/epitoiparosok.com\/epip\/category\/konteneres-sittszallitas\/\">Kont\u00e9neres sittsz\u00e1ll\u00edt\u00e1s<\/a>\n<\/li>\n\t<li class=\"cat-item cat-item-44\"><a href=\"https:\/\/epitoiparosok.com\/epip\/category\/kozos-kepviselet\/\">K\u00f6z\u00f6s k\u00e9pviselet<\/a>\n<\/li>\n\t<li class=\"cat-item cat-item-28\"><a href=\"https:\/\/epitoiparosok.com\/epip\/category\/lomtalanitas\/\">Lomtalan\u00edt\u00e1s<\/a>\n<\/li>\n\t<li class=\"cat-item cat-item-33\"><a href=\"https:\/\/epitoiparosok.com\/epip\/category\/szelzsalu\/\">Sz\u00e9lzsalu<\/a>\n<\/li>\n\t<li class=\"cat-item cat-item-21\"><a href=\"https:\/\/epitoiparosok.com\/epip\/category\/szobafestes-mazolas\/\">Szobafest\u00e9s-m\u00e1zol\u00e1s<\/a>\n<\/li>\n\t<li class=\"cat-item cat-item-43\"><a href=\"https:\/\/epitoiparosok.com\/epip\/category\/tarsashazkezeles\/\">T\u00e1rsash\u00e1zkezel\u00e9s<\/a>\n<\/li>\n\t<li class=\"cat-item cat-item-19\"><a href=\"https:\/\/epitoiparosok.com\/epip\/category\/terkotisztitas\/\">T\u00e9rk\u0151tiszt\u00edt\u00e1s<\/a>\n<\/li>\n\t<li class=\"cat-item cat-item-18\"><a href=\"https:\/\/epitoiparosok.com\/epip\/category\/tetomosas\/\">Tet\u0151mos\u00e1s<\/a>\n<\/li>\n\t<li class=\"cat-item cat-item-41\"><a href=\"https:\/\/epitoiparosok.com\/epip\/category\/top10\/\">top10<\/a>\n<\/li>\n\t<li class=\"cat-item cat-item-6\"><a href=\"https:\/\/epitoiparosok.com\/epip\/category\/villanyszereles\/\">Villanyszerel\u00e9s<\/a>\n<\/li>\n\t<li class=\"cat-item cat-item-8\"><a href=\"https:\/\/epitoiparosok.com\/epip\/category\/viz-gaz-szereles\/\">V\u00edz-g\u00e1z szerel\u00e9s<\/a>\n<\/li>\n<\/ul>\n\n\n<p><\/p>\n","protected":false},"excerpt":{"rendered":"","protected":false},"author":1,"featured_media":0,"parent":0,"menu_order":0,"comment_status":"closed","ping_status":"closed","template":"","meta":{"pagelayer_contact_templates":[],"_pagelayer_content":"","_monsterinsights_skip_tracking":false,"_monsterinsights_sitenote_active":false,"_monsterinsights_sitenote_note":"","_monsterinsights_sitenote_category":0,"footnotes":""},"class_list":["post-40","page","type-page","status-publish","hentry"],"yoast_head":"<!-- This site is optimized with the Yoast SEO plugin v26.4 - https:\/\/yoast.com\/wordpress\/plugins\/seo\/ -->\n<title>Szakm\u00e1k - \u00c9p\u00edt\u0151iparosok<\/title>\n<meta name=\"robots\" content=\"index, follow, max-snippet:-1, max-image-preview:large, max-video-preview:-1\" \/>\n<link rel=\"canonical\" href=\"https:\/\/epitoiparosok.com\/epip\/szakmak\/\" \/>\n<meta property=\"og:locale\" content=\"en_US\" \/>\n<meta property=\"og:type\" content=\"article\" \/>\n<meta property=\"og:title\" content=\"Szakm\u00e1k - \u00c9p\u00edt\u0151iparosok\" \/>\n<meta property=\"og:url\" content=\"https:\/\/epitoiparosok.com\/epip\/szakmak\/\" \/>\n<meta property=\"og:site_name\" content=\"\u00c9p\u00edt\u0151iparosok\" \/>\n<meta property=\"article:modified_time\" content=\"2025-11-26T09:40:23+00:00\" \/>\n<meta name=\"twitter:card\" content=\"summary_large_image\" \/>\n<script type=\"application\/ld+json\" class=\"yoast-schema-graph\">{\"@context\":\"https:\/\/schema.org\",\"@graph\":[{\"@type\":\"WebPage\",\"@id\":\"https:\/\/epitoiparosok.com\/epip\/szakmak\/\",\"url\":\"https:\/\/epitoiparosok.com\/epip\/szakmak\/\",\"name\":\"Szakm\u00e1k - \u00c9p\u00edt\u0151iparosok\",\"isPartOf\":{\"@id\":\"https:\/\/epitoiparosok.com\/epip\/#website\"},\"datePublished\":\"2025-11-26T09:40:22+00:00\",\"dateModified\":\"2025-11-26T09:40:23+00:00\",\"breadcrumb\":{\"@id\":\"https:\/\/epitoiparosok.com\/epip\/szakmak\/#breadcrumb\"},\"inLanguage\":\"en-US\",\"potentialAction\":[{\"@type\":\"ReadAction\",\"target\":[\"https:\/\/epitoiparosok.com\/epip\/szakmak\/\"]}]},{\"@type\":\"BreadcrumbList\",\"@id\":\"https:\/\/epitoiparosok.com\/epip\/szakmak\/#breadcrumb\",\"itemListElement\":[{\"@type\":\"ListItem\",\"position\":1,\"name\":\"Home\",\"item\":\"https:\/\/epitoiparosok.com\/epip\/\"},{\"@type\":\"ListItem\",\"position\":2,\"name\":\"Szakm\u00e1k\"}]},{\"@type\":\"WebSite\",\"@id\":\"https:\/\/epitoiparosok.com\/epip\/#website\",\"url\":\"https:\/\/epitoiparosok.com\/epip\/\",\"name\":\"\u00c9p\u00edt\u0151iparosok\",\"description\":\"\",\"potentialAction\":[{\"@type\":\"SearchAction\",\"target\":{\"@type\":\"EntryPoint\",\"urlTemplate\":\"https:\/\/epitoiparosok.com\/epip\/?s={search_term_string}\"},\"query-input\":{\"@type\":\"PropertyValueSpecification\",\"valueRequired\":true,\"valueName\":\"search_term_string\"}}],\"inLanguage\":\"en-US\"}]}<\/script>\n<!-- \/ Yoast SEO plugin. -->","yoast_head_json":{"title":"Szakm\u00e1k - \u00c9p\u00edt\u0151iparosok","robots":{"index":"index","follow":"follow","max-snippet":"max-snippet:-1","max-image-preview":"max-image-preview:large","max-video-preview":"max-video-preview:-1"},"canonical":"https:\/\/epitoiparosok.com\/epip\/szakmak\/","og_locale":"en_US","og_type":"article","og_title":"Szakm\u00e1k - \u00c9p\u00edt\u0151iparosok","og_url":"https:\/\/epitoiparosok.com\/epip\/szakmak\/","og_site_name":"\u00c9p\u00edt\u0151iparosok","article_modified_time":"2025-11-26T09:40:23+00:00","twitter_card":"summary_large_image","schema":{"@context":"https:\/\/schema.org","@graph":[{"@type":"WebPage","@id":"https:\/\/epitoiparosok.com\/epip\/szakmak\/","url":"https:\/\/epitoiparosok.com\/epip\/szakmak\/","name":"Szakm\u00e1k - \u00c9p\u00edt\u0151iparosok","isPartOf":{"@id":"https:\/\/epitoiparosok.com\/epip\/#website"},"datePublished":"2025-11-26T09:40:22+00:00","dateModified":"2025-11-26T09:40:23+00:00","breadcrumb":{"@id":"https:\/\/epitoiparosok.com\/epip\/szakmak\/#breadcrumb"},"inLanguage":"en-US","potentialAction":[{"@type":"ReadAction","target":["https:\/\/epitoiparosok.com\/epip\/szakmak\/"]}]},{"@type":"BreadcrumbList","@id":"https:\/\/epitoiparosok.com\/epip\/szakmak\/#breadcrumb","itemListElement":[{"@type":"ListItem","position":1,"name":"Home","item":"https:\/\/epitoiparosok.com\/epip\/"},{"@type":"ListItem","position":2,"name":"Szakm\u00e1k"}]},{"@type":"WebSite","@id":"https:\/\/epitoiparosok.com\/epip\/#website","url":"https:\/\/epitoiparosok.com\/epip\/","name":"\u00c9p\u00edt\u0151iparosok","description":"","potentialAction":[{"@type":"SearchAction","target":{"@type":"EntryPoint","urlTemplate":"https:\/\/epitoiparosok.com\/epip\/?s={search_term_string}"},"query-input":{"@type":"PropertyValueSpecification","valueRequired":true,"valueName":"search_term_string"}}],"inLanguage":"en-US"}]}},"_links":{"self":[{"href":"https:\/\/epitoiparosok.com\/epip\/wp-json\/wp\/v2\/pages\/40","targetHints":{"allow":["GET"]}}],"collection":[{"href":"https:\/\/epitoiparosok.com\/epip\/wp-json\/wp\/v2\/pages"}],"about":[{"href":"https:\/\/epitoiparosok.com\/epip\/wp-json\/wp\/v2\/types\/page"}],"author":[{"embeddable":true,"href":"https:\/\/epitoiparosok.com\/epip\/wp-json\/wp\/v2\/users\/1"}],"replies":[{"embeddable":true,"href":"https:\/\/epitoiparosok.com\/epip\/wp-json\/wp\/v2\/comments?post=40"}],"version-history":[{"count":1,"href":"https:\/\/epitoiparosok.com\/epip\/wp-json\/wp\/v2\/pages\/40\/revisions"}],"predecessor-version":[{"id":41,"href":"https:\/\/epitoiparosok.com\/epip\/wp-json\/wp\/v2\/pages\/40\/revisions\/41"}],"wp:attachment":[{"href":"https:\/\/epitoiparosok.com\/epip\/wp-json\/wp\/v2\/media?parent=40"}],"curies":[{"name":"wp","href":"https:\/\/api.w.org\/{rel}","templated":true}]}}